{"id":996,"date":"2026-04-09T07:32:01","date_gmt":"2026-04-09T07:32:01","guid":{"rendered":"https:\/\/zealous-moser.51-38-49-206.plesk.page\/?post_type=product&#038;p=996"},"modified":"2026-04-09T14:38:47","modified_gmt":"2026-04-09T14:38:47","slug":"chaussure-joma-t-break-noir","status":"publish","type":"product","link":"https:\/\/zealous-moser.51-38-49-206.plesk.page\/index.php\/produit\/chaussure-joma-t-break-noir\/","title":{"rendered":"CHAUSSURE JOMA \u201cT-BREAK\u201d NOIR"},"content":{"rendered":"<p>Chaussures de tennis pour homme, con\u00e7ues pour jouer sur terrain dur\/rapide. Cette chaussure de tennis a \u00e9t\u00e9 d\u00e9velopp\u00e9e avec la derni\u00e8re technologie pour offrir des performances maximales lors de l\u2019entra\u00eenement et de la comp\u00e9tition. Elles conviennent aux joueurs de tennis de poids moyen \u00e0 faible qui recherchent une excellente adh\u00e9rence sur le court.<\/p>\n<p>Tige principalement en textile l\u00e9ger, flexible et respirant, dot\u00e9e de perforations VTS pour favoriser la ventilation de la transpiration. L\u2019air entrera et sortira des chaussures de sport dans le but de garder le pied frais lors des moments de performance maximale. Pour optimiser l\u2019ajustement et le maintien, elle comporte des inserts en mat\u00e9riau synth\u00e9tique JOMA SPORTECH, ajout\u00e9s sans coutures. Elle comporte \u00e9galement du caoutchouc inject\u00e9 KPU \u00e0 l\u2019avant-pied pour prot\u00e9ger la zone et augmenter la durabilit\u00e9.<\/p>\n<p>Languette en textile avec une bonne adaptabilit\u00e9 et un poids l\u00e9ger.<\/p>\n<p>La semelle interm\u00e9diaire combine parfaitement l\u2019amorti et l\u2019impulsion. Le syst\u00e8me FULL DUAL PULSOR \u00e0 double densit\u00e9 offre d\u2019une part de la stabilit\u00e9 dans la partie la plus dure. D\u2019autre part, la partie REACTIVE BALL absorbe les chocs et rend la foul\u00e9e plus r\u00e9active.<\/p>\n<p>La semelle en caoutchouc DURABILITY all court offre le niveau \u00e9lev\u00e9 de r\u00e9sistance n\u00e9cessaire sur terrain dur. Le motif permet au joueur de glisser et de freiner sur le court selon ses besoins, car il offre l\u2019adh\u00e9rence n\u00e9cessaire \u00e0 ce type de surface.<\/p>\n","protected":false},"excerpt":{"rendered":"<p>Chaussures de tennis pour homme, con\u00e7ues pour jouer sur terrain dur\/rapide. Cette chaussure de tennis a \u00e9t\u00e9 d\u00e9velopp\u00e9e avec la derni\u00e8re technologie pour offrir des performances maximales lors de l\u2019entra\u00eenement et de la comp\u00e9tition. Elles conviennent aux joueurs de tennis de poids moyen \u00e0 faible qui recherchent une excellente adh\u00e9rence sur le court. Tige principalement [&hellip;]<\/p>\n","protected":false},"featured_media":997,"comment_status":"open","ping_status":"closed","template":"","meta":[],"product_brand":[32],"product_cat":[40],"product_tag":[],"class_list":{"0":"post-996","1":"product","2":"type-product","3":"status-publish","4":"has-post-thumbnail","6":"product_brand-bullpadel","7":"product_cat-baskets","9":"first","10":"instock","11":"sale","12":"shipping-taxable","13":"purchasable","14":"product-type-simple"},"_links":{"self":[{"href":"https:\/\/zealous-moser.51-38-49-206.plesk.page\/index.php\/wp-json\/wp\/v2\/product\/996","targetHints":{"allow":["GET"]}}],"collection":[{"href":"https:\/\/zealous-moser.51-38-49-206.plesk.page\/index.php\/wp-json\/wp\/v2\/product"}],"about":[{"href":"https:\/\/zealous-moser.51-38-49-206.plesk.page\/index.php\/wp-json\/wp\/v2\/types\/product"}],"replies":[{"embeddable":true,"href":"https:\/\/zealous-moser.51-38-49-206.plesk.page\/index.php\/wp-json\/wp\/v2\/comments?post=996"}],"wp:featuredmedia":[{"embeddable":true,"href":"https:\/\/zealous-moser.51-38-49-206.plesk.page\/index.php\/wp-json\/wp\/v2\/media\/997"}],"wp:attachment":[{"href":"https:\/\/zealous-moser.51-38-49-206.plesk.page\/index.php\/wp-json\/wp\/v2\/media?parent=996"}],"wp:term":[{"taxonomy":"product_brand","embeddable":true,"href":"https:\/\/zealous-moser.51-38-49-206.plesk.page\/index.php\/wp-json\/wp\/v2\/product_brand?post=996"},{"taxonomy":"product_cat","embeddable":true,"href":"https:\/\/zealous-moser.51-38-49-206.plesk.page\/index.php\/wp-json\/wp\/v2\/product_cat?post=996"},{"taxonomy":"product_tag","embeddable":true,"href":"https:\/\/zealous-moser.51-38-49-206.plesk.page\/index.php\/wp-json\/wp\/v2\/product_tag?post=996"}],"curies":[{"name":"wp","href":"https:\/\/api.w.org\/{rel}","templated":true}]}}