{"id":993,"date":"2026-04-09T07:28:50","date_gmt":"2026-04-09T07:28:50","guid":{"rendered":"https:\/\/zealous-moser.51-38-49-206.plesk.page\/?post_type=product&#038;p=993"},"modified":"2026-04-09T07:29:03","modified_gmt":"2026-04-09T07:29:03","slug":"raquette-de-padel-tala-set","status":"publish","type":"product","link":"https:\/\/zealous-moser.51-38-49-206.plesk.page\/index.php\/produit\/raquette-de-padel-tala-set\/","title":{"rendered":"Raquette de Padel Tala SET"},"content":{"rendered":"<p>La nouvelle raquette de padel Set Tala fait partie de la collection 2023 de cette marque espagnole. Elle s\u2019adresse aux joueurs de niveau avanc\u00e9 ou professionnel qui ont besoin d\u2019une raquette s\u2019adaptant parfaitement \u00e0 leur jeu offensif.<\/p>\n<p>Cette raquette Set est en forme de diamant et poss\u00e8de un \u00e9quilibre \u00e9lev\u00e9 qui permet d\u2019obtenir des coups puissants et secs. Pour profiter de tout ce que propose cette raquette, il est n\u00e9cessaire d\u2019avoir un bon niveau technique. Ses vol\u00e9es et ses frappes\u00a0 sont tout simplement spectaculaires ainsi que la facilit\u00e9 avec laquelle elle se d\u00e9fend depuis le fond du terrain.<\/p>\n<p>Il est compos\u00e9 de carbone de haute qualit\u00e9 sur son cadre et de carbone 18K sur ses faces. Caoutchouc Eva premium pour obtenir un confort exceptionnel \u00e0 la sortie de la balle.<\/p>\n<p>Enfin, la finition mate et 3D de leurs faces permet d\u2019obtenir facilement de superbes effets.<\/p>\n","protected":false},"excerpt":{"rendered":"<p>La nouvelle raquette de padel Set Tala fait partie de la collection 2023 de cette marque espagnole. Elle s\u2019adresse aux joueurs de niveau avanc\u00e9 ou professionnel qui ont besoin d\u2019une raquette s\u2019adaptant parfaitement \u00e0 leur jeu offensif. Cette raquette Set est en forme de diamant et poss\u00e8de un \u00e9quilibre \u00e9lev\u00e9 qui permet d\u2019obtenir des coups [&hellip;]<\/p>\n","protected":false},"featured_media":992,"comment_status":"open","ping_status":"closed","template":"","meta":[],"product_brand":[37],"product_cat":[28],"product_tag":[],"class_list":{"0":"post-993","1":"product","2":"type-product","3":"status-publish","4":"has-post-thumbnail","6":"product_brand-siux","7":"product_cat-non-classe","9":"first","10":"instock","11":"sale","12":"shipping-taxable","13":"purchasable","14":"product-type-simple"},"_links":{"self":[{"href":"https:\/\/zealous-moser.51-38-49-206.plesk.page\/index.php\/wp-json\/wp\/v2\/product\/993","targetHints":{"allow":["GET"]}}],"collection":[{"href":"https:\/\/zealous-moser.51-38-49-206.plesk.page\/index.php\/wp-json\/wp\/v2\/product"}],"about":[{"href":"https:\/\/zealous-moser.51-38-49-206.plesk.page\/index.php\/wp-json\/wp\/v2\/types\/product"}],"replies":[{"embeddable":true,"href":"https:\/\/zealous-moser.51-38-49-206.plesk.page\/index.php\/wp-json\/wp\/v2\/comments?post=993"}],"wp:featuredmedia":[{"embeddable":true,"href":"https:\/\/zealous-moser.51-38-49-206.plesk.page\/index.php\/wp-json\/wp\/v2\/media\/992"}],"wp:attachment":[{"href":"https:\/\/zealous-moser.51-38-49-206.plesk.page\/index.php\/wp-json\/wp\/v2\/media?parent=993"}],"wp:term":[{"taxonomy":"product_brand","embeddable":true,"href":"https:\/\/zealous-moser.51-38-49-206.plesk.page\/index.php\/wp-json\/wp\/v2\/product_brand?post=993"},{"taxonomy":"product_cat","embeddable":true,"href":"https:\/\/zealous-moser.51-38-49-206.plesk.page\/index.php\/wp-json\/wp\/v2\/product_cat?post=993"},{"taxonomy":"product_tag","embeddable":true,"href":"https:\/\/zealous-moser.51-38-49-206.plesk.page\/index.php\/wp-json\/wp\/v2\/product_tag?post=993"}],"curies":[{"name":"wp","href":"https:\/\/api.w.org\/{rel}","templated":true}]}}