{"id":1031,"date":"2026-04-09T07:53:29","date_gmt":"2026-04-09T07:53:29","guid":{"rendered":"https:\/\/zealous-moser.51-38-49-206.plesk.page\/?post_type=product&#038;p=1031"},"modified":"2026-04-09T07:53:29","modified_gmt":"2026-04-09T07:53:29","slug":"garniture-12-m-x-perience","status":"publish","type":"product","link":"https:\/\/zealous-moser.51-38-49-206.plesk.page\/index.php\/produit\/garniture-12-m-x-perience\/","title":{"rendered":"Garniture 12 m X-P\u00e9rience"},"content":{"rendered":"<p>L\u2019ajout d\u2019un additif sp\u00e9cial a permis l\u2019assouplissement du cordage, ce qui \u00e0 pour effet d\u2019accroitre le confort, les sensations et la puissance. Le cordage X-P\u00e9rience accentue la tol\u00e9rance au d\u00e9centrage et est plus facile \u00e0 exploiter pour les joueurs.<\/p>\n","protected":false},"excerpt":{"rendered":"<p>L\u2019ajout d\u2019un additif sp\u00e9cial a permis l\u2019assouplissement du cordage, ce qui \u00e0 pour effet d\u2019accroitre le confort, les sensations et la puissance. Le cordage X-P\u00e9rience accentue la tol\u00e9rance au d\u00e9centrage et est plus facile \u00e0 exploiter pour les joueurs.<\/p>\n","protected":false},"featured_media":1026,"comment_status":"open","ping_status":"closed","template":"","meta":[],"product_brand":[],"product_cat":[28],"product_tag":[],"class_list":{"0":"post-1031","1":"product","2":"type-product","3":"status-publish","4":"has-post-thumbnail","6":"product_cat-non-classe","8":"first","9":"instock","10":"shipping-taxable","11":"purchasable","12":"product-type-simple"},"_links":{"self":[{"href":"https:\/\/zealous-moser.51-38-49-206.plesk.page\/index.php\/wp-json\/wp\/v2\/product\/1031","targetHints":{"allow":["GET"]}}],"collection":[{"href":"https:\/\/zealous-moser.51-38-49-206.plesk.page\/index.php\/wp-json\/wp\/v2\/product"}],"about":[{"href":"https:\/\/zealous-moser.51-38-49-206.plesk.page\/index.php\/wp-json\/wp\/v2\/types\/product"}],"replies":[{"embeddable":true,"href":"https:\/\/zealous-moser.51-38-49-206.plesk.page\/index.php\/wp-json\/wp\/v2\/comments?post=1031"}],"wp:featuredmedia":[{"embeddable":true,"href":"https:\/\/zealous-moser.51-38-49-206.plesk.page\/index.php\/wp-json\/wp\/v2\/media\/1026"}],"wp:attachment":[{"href":"https:\/\/zealous-moser.51-38-49-206.plesk.page\/index.php\/wp-json\/wp\/v2\/media?parent=1031"}],"wp:term":[{"taxonomy":"product_brand","embeddable":true,"href":"https:\/\/zealous-moser.51-38-49-206.plesk.page\/index.php\/wp-json\/wp\/v2\/product_brand?post=1031"},{"taxonomy":"product_cat","embeddable":true,"href":"https:\/\/zealous-moser.51-38-49-206.plesk.page\/index.php\/wp-json\/wp\/v2\/product_cat?post=1031"},{"taxonomy":"product_tag","embeddable":true,"href":"https:\/\/zealous-moser.51-38-49-206.plesk.page\/index.php\/wp-json\/wp\/v2\/product_tag?post=1031"}],"curies":[{"name":"wp","href":"https:\/\/api.w.org\/{rel}","templated":true}]}}