{"id":1020,"date":"2026-04-09T07:48:52","date_gmt":"2026-04-09T07:48:52","guid":{"rendered":"https:\/\/zealous-moser.51-38-49-206.plesk.page\/?post_type=product&#038;p=1020"},"modified":"2026-04-09T07:50:06","modified_gmt":"2026-04-09T07:50:06","slug":"lunette-de-padel-tennis-beachpadel-addictive","status":"publish","type":"product","link":"https:\/\/zealous-moser.51-38-49-206.plesk.page\/index.php\/produit\/lunette-de-padel-tennis-beachpadel-addictive\/","title":{"rendered":"Lunette de Padel &#038; Tennis BeachPadel Addictive"},"content":{"rendered":"<p>Lunettes Addictive Beachpadel : les seules lunettes con\u00e7ues exclusivement pour jouer au padel et au tennis.<\/p>\n<p>Ils comprennent des verres transparents interchangeables, id\u00e9aux pour s\u2019adapter \u00e0 diff\u00e9rentes conditions de lumi\u00e8re sans sacrifier la protection ou la visibilit\u00e9.<\/p>\n<p>Recommand\u00e9 pour les visages moyens et fins.<\/p>\n","protected":false},"excerpt":{"rendered":"<p>Lunettes Addictive Beachpadel : les seules lunettes con\u00e7ues exclusivement pour jouer au padel et au tennis. Ils comprennent des verres transparents interchangeables, id\u00e9aux pour s\u2019adapter \u00e0 diff\u00e9rentes conditions de lumi\u00e8re sans sacrifier la protection ou la visibilit\u00e9. Recommand\u00e9 pour les visages moyens et fins.<\/p>\n","protected":false},"featured_media":1021,"comment_status":"open","ping_status":"closed","template":"","meta":[],"product_brand":[],"product_cat":[43],"product_tag":[],"class_list":{"0":"post-1020","1":"product","2":"type-product","3":"status-publish","4":"has-post-thumbnail","6":"product_cat-accessoires","8":"first","9":"instock","10":"shipping-taxable","11":"purchasable","12":"product-type-simple"},"_links":{"self":[{"href":"https:\/\/zealous-moser.51-38-49-206.plesk.page\/index.php\/wp-json\/wp\/v2\/product\/1020","targetHints":{"allow":["GET"]}}],"collection":[{"href":"https:\/\/zealous-moser.51-38-49-206.plesk.page\/index.php\/wp-json\/wp\/v2\/product"}],"about":[{"href":"https:\/\/zealous-moser.51-38-49-206.plesk.page\/index.php\/wp-json\/wp\/v2\/types\/product"}],"replies":[{"embeddable":true,"href":"https:\/\/zealous-moser.51-38-49-206.plesk.page\/index.php\/wp-json\/wp\/v2\/comments?post=1020"}],"wp:featuredmedia":[{"embeddable":true,"href":"https:\/\/zealous-moser.51-38-49-206.plesk.page\/index.php\/wp-json\/wp\/v2\/media\/1021"}],"wp:attachment":[{"href":"https:\/\/zealous-moser.51-38-49-206.plesk.page\/index.php\/wp-json\/wp\/v2\/media?parent=1020"}],"wp:term":[{"taxonomy":"product_brand","embeddable":true,"href":"https:\/\/zealous-moser.51-38-49-206.plesk.page\/index.php\/wp-json\/wp\/v2\/product_brand?post=1020"},{"taxonomy":"product_cat","embeddable":true,"href":"https:\/\/zealous-moser.51-38-49-206.plesk.page\/index.php\/wp-json\/wp\/v2\/product_cat?post=1020"},{"taxonomy":"product_tag","embeddable":true,"href":"https:\/\/zealous-moser.51-38-49-206.plesk.page\/index.php\/wp-json\/wp\/v2\/product_tag?post=1020"}],"curies":[{"name":"wp","href":"https:\/\/api.w.org\/{rel}","templated":true}]}}