{"id":1091,"date":"2026-04-20T12:40:57","date_gmt":"2026-04-20T12:40:57","guid":{"rendered":"https:\/\/zealous-moser.51-38-49-206.plesk.page\/?page_id=1091"},"modified":"2026-04-20T12:40:58","modified_gmt":"2026-04-20T12:40:58","slug":"a-propos","status":"publish","type":"page","link":"https:\/\/zealous-moser.51-38-49-206.plesk.page\/index.php\/a-propos\/","title":{"rendered":"A propos"},"content":{"rendered":"\n<p>J\u00e9r\u00f4me et Sandra, un duo uni par une m\u00eame passion : le sport et le bien-\u00eatre \ud83d\udc99<br><br>Depuis plusieurs ann\u00e9es, le tennis et le padel occupent une place essentielle dans leur quotidien \ud83c\udfbe<br>C\u2019est donc tout naturellement qu\u2019il y a 4 ans, ils ont d\u00e9cid\u00e9 de donner un nouveau tournant \u00e0 leur vie professionnelle\u2026 et de cr\u00e9er un lieu qui leur ressemble.<br><br>Install\u00e9s \u00e0 B\u00e9ziers, ils ont imagin\u00e9 bien plus qu\u2019un simple espace d\u00e9di\u00e9 aux sports de raquette. Leur ambition : concevoir un lieu unique, capable d\u2019accompagner chaque personne dans sa globalit\u00e9 \u2014 du sport \u00e0 la r\u00e9cup\u00e9ration, jusqu\u2019au bien-\u00eatre et \u00e0 la transformation du corps \u2728<br><br>C\u2019est ainsi qu\u2019est n\u00e9 le concept Auger Sport &amp; Bien-\u00eatre \ud83d\udcab<br>Un concept innovant qui allie performance et r\u00e9cup\u00e9ration gr\u00e2ce \u00e0 des technologies de pointe :<br><br>\u2744\ufe0f La cryoth\u00e9rapie : pour soulager les douleurs et acc\u00e9l\u00e9rer la r\u00e9cup\u00e9ration<br>\ud83d\udd25 L\u2019infrath\u00e9rapie (Vital Dome) : pour d\u00e9tendre en profondeur et revitaliser le corps<br>\ud83d\udca0 La cryolipolyse Lipofreeze : pour affiner la silhouette de mani\u00e8re cibl\u00e9e<br><br>Ces soins, compl\u00e9mentaires entre eux, permettent d\u2019obtenir des r\u00e9sultats optimaux, que ce soit dans une d\u00e9marche sportive, esth\u00e9tique ou de bien-\u00eatre global \ud83d\udcaa<br><br>Anim\u00e9s par la volont\u00e9 d\u2019aller encore plus loin, J\u00e9r\u00f4me et Sandra ont souhait\u00e9 enrichir cette exp\u00e9rience en s\u2019entourant de professionnels partageant leurs valeurs \ud83e\udd1d<br>Le centre propose ainsi :<br><br>\ud83d\udc86\u200d\u2640\ufe0f Des massages (sportifs ou relaxants)<br>\ud83e\uddd8\u200d\u2640\ufe0f Des s\u00e9ances de sophrologie<br>\ud83e\udd57 Un accompagnement en nutrition<br><br>Une s\u00e9lection de compl\u00e9ments alimentaires et de boissons \u00e9nerg\u00e9tiques vient \u00e9galement soutenir les performances, la r\u00e9cup\u00e9ration et l\u2019\u00e9quilibre au quotidien \u26a1<br><br>Aujourd\u2019hui, leur espace de 250 m\u00b2 est bien plus qu\u2019un centre : c\u2019est un lieu de vie, pens\u00e9 pour prendre soin de soi dans sa globalit\u00e9 \ud83c\udf3f<br><br>Un concept unique, o\u00f9 sport, r\u00e9cup\u00e9ration et bien-\u00eatre ne font plus qu\u2019un \ud83d\udc99<\/p>\n","protected":false},"excerpt":{"rendered":"<p>J\u00e9r\u00f4me et Sandra, un duo uni par une m\u00eame passion : le sport et le bien-\u00eatre \ud83d\udc99 Depuis plusieurs ann\u00e9es, le tennis et le padel occupent une place essentielle dans leur quotidien \ud83c\udfbeC\u2019est donc tout naturellement qu\u2019il y a 4 ans, ils ont d\u00e9cid\u00e9 de donner un nouveau tournant \u00e0 leur vie professionnelle\u2026 et de [&hellip;]<\/p>\n","protected":false},"author":1,"featured_media":0,"parent":0,"menu_order":0,"comment_status":"closed","ping_status":"closed","template":"","meta":{"footnotes":""},"class_list":["post-1091","page","type-page","status-publish","hentry"],"_links":{"self":[{"href":"https:\/\/zealous-moser.51-38-49-206.plesk.page\/index.php\/wp-json\/wp\/v2\/pages\/1091","targetHints":{"allow":["GET"]}}],"collection":[{"href":"https:\/\/zealous-moser.51-38-49-206.plesk.page\/index.php\/wp-json\/wp\/v2\/pages"}],"about":[{"href":"https:\/\/zealous-moser.51-38-49-206.plesk.page\/index.php\/wp-json\/wp\/v2\/types\/page"}],"author":[{"embeddable":true,"href":"https:\/\/zealous-moser.51-38-49-206.plesk.page\/index.php\/wp-json\/wp\/v2\/users\/1"}],"replies":[{"embeddable":true,"href":"https:\/\/zealous-moser.51-38-49-206.plesk.page\/index.php\/wp-json\/wp\/v2\/comments?post=1091"}],"version-history":[{"count":1,"href":"https:\/\/zealous-moser.51-38-49-206.plesk.page\/index.php\/wp-json\/wp\/v2\/pages\/1091\/revisions"}],"predecessor-version":[{"id":1092,"href":"https:\/\/zealous-moser.51-38-49-206.plesk.page\/index.php\/wp-json\/wp\/v2\/pages\/1091\/revisions\/1092"}],"wp:attachment":[{"href":"https:\/\/zealous-moser.51-38-49-206.plesk.page\/index.php\/wp-json\/wp\/v2\/media?parent=1091"}],"curies":[{"name":"wp","href":"https:\/\/api.w.org\/{rel}","templated":true}]}}